{"id":231114,"date":"2025-03-30T12:35:39","date_gmt":"2025-03-30T09:35:39","guid":{"rendered":"https:\/\/klubitempel.ee\/about-us\/"},"modified":"2026-04-17T22:07:57","modified_gmt":"2026-04-17T19:07:57","slug":"about-us","status":"publish","type":"page","link":"https:\/\/klubitempel.ee\/en\/about-us\/","title":{"rendered":"About us"},"content":{"rendered":"<p>[et_pb_section fb_built=&#8221;1&#8243; _builder_version=&#8221;4.27.4&#8243; _module_preset=&#8221;default&#8221; use_background_color_gradient=&#8221;on&#8221; background_color_gradient_stops=&#8221;rgba(0,0,0,0.4) 0%|rgba(0,0,0,0.4) 100%&#8221; background_color_gradient_overlays_image=&#8221;on&#8221; background_image=&#8221;https:\/\/klubitempel.ee\/wp-content\/uploads\/2025\/09\/506016352_1295664672569599_4985028255225274232_n.jpg&#8221; custom_margin=&#8221;0px||||false|false&#8221; custom_padding=&#8221;0px||||false|false&#8221; global_colors_info=&#8221;{}&#8221;][et_pb_row _builder_version=&#8221;4.27.4&#8243; _module_preset=&#8221;default&#8221; width=&#8221;65%&#8221; width_tablet=&#8221;65%&#8221; width_phone=&#8221;90%&#8221; width_last_edited=&#8221;on|phone&#8221; max_width=&#8221;100%&#8221; custom_margin=&#8221;0px||||false|false&#8221; custom_padding=&#8221;0px||||false|false&#8221; global_colors_info=&#8221;{}&#8221;][et_pb_column type=&#8221;4_4&#8243; _builder_version=&#8221;4.27.4&#8243; _module_preset=&#8221;default&#8221; global_colors_info=&#8221;{}&#8221;][et_pb_menu menu_id=&#8221;8&#8243; submenu_direction=&#8221;downwards&#8221; dropdown_menu_bg_color=&#8221;#000000&#8243; dropdown_menu_text_color=&#8221;#FFFFFF&#8221; dropdown_menu_active_link_color=&#8221;#FAFA32&#8243; mobile_menu_bg_color=&#8221;#000000&#8243; mobile_menu_text_color=&#8221;#FFFFFF&#8221; logo=&#8221;https:\/\/klubitempel.ee\/wp-content\/uploads\/2025\/09\/Tempel_txt-shrt-logo@5x.png&#8221; logo_url=&#8221;@ET-DC@eyJkeW5hbWljIjp0cnVlLCJjb250ZW50IjoiaG9tZV91cmwiLCJzZXR0aW5ncyI6e319@&#8221; logo_width=&#8221;120px&#8221; logo_width_tablet=&#8221;120px&#8221; logo_width_phone=&#8221;111px&#8221; logo_width_last_edited=&#8221;on|phone&#8221; _builder_version=&#8221;4.27.4&#8243; _dynamic_attributes=&#8221;logo_url&#8221; _module_preset=&#8221;default&#8221; menu_font=&#8221;|800||on|||||&#8221; menu_text_color=&#8221;#FFFFFF&#8221; menu_font_size=&#8221;13px&#8221; menu_letter_spacing=&#8221;3px&#8221; background_enable_color=&#8221;off&#8221; text_orientation=&#8221;center&#8221; custom_padding_tablet=&#8221;&#8221; custom_padding_phone=&#8221;15px||||false|false&#8221; custom_padding_last_edited=&#8221;on|phone&#8221; global_colors_info=&#8221;{}&#8221;][\/et_pb_menu][\/et_pb_column][\/et_pb_row][et_pb_row _builder_version=&#8221;4.27.4&#8243; _module_preset=&#8221;default&#8221; global_colors_info=&#8221;{}&#8221;][et_pb_column type=&#8221;4_4&#8243; _builder_version=&#8221;4.27.4&#8243; _module_preset=&#8221;default&#8221; global_colors_info=&#8221;{}&#8221;][et_pb_text _builder_version=&#8221;4.27.6&#8243; _module_preset=&#8221;default&#8221; header_font=&#8221;Poppins|800|||||||&#8221; header_text_color=&#8221;#FFFFFF&#8221; header_font_size=&#8221;46px&#8221; custom_padding=&#8221;50px||||false|false&#8221; global_colors_info=&#8221;{}&#8221;]<\/p>\n<h1>Open Culture Club<\/h1>\n<p>[\/et_pb_text][\/et_pb_column][\/et_pb_row][\/et_pb_section][et_pb_section fb_built=&#8221;1&#8243; _builder_version=&#8221;4.27.4&#8243; background_color=&#8221;#000000&#8243; custom_padding=&#8221;47px|0px|47px|0px|true|false&#8221; global_colors_info=&#8221;{}&#8221;][et_pb_row _builder_version=&#8221;4.27.4&#8243; width_tablet=&#8221;&#8221; width_phone=&#8221;95%&#8221; width_last_edited=&#8221;on|phone&#8221; max_width_tablet=&#8221;&#8221; max_width_phone=&#8221;95%&#8221; max_width_last_edited=&#8221;on|phone&#8221; global_colors_info=&#8221;{}&#8221;][et_pb_column type=&#8221;4_4&#8243; _builder_version=&#8221;4.16&#8243; custom_padding=&#8221;|||&#8221; global_colors_info=&#8221;{}&#8221; custom_padding__hover=&#8221;|||&#8221;][et_pb_text _builder_version=&#8221;4.27.5&#8243; text_font=&#8221;Nunito Sans||||||||&#8221; text_text_color=&#8221;#5499D4&#8243; text_font_size=&#8221;16px&#8221; header_font=&#8221;Poppins|800|||||||&#8221; header_text_align=&#8221;center&#8221; header_text_color=&#8221;#FAFA32&#8243; header_line_height=&#8221;1.5em&#8221; max_width=&#8221;700px&#8221; max_width_tablet=&#8221;700px&#8221; max_width_phone=&#8221;300px&#8221; max_width_last_edited=&#8221;on|phone&#8221; module_alignment=&#8221;center&#8221; header_font_size_tablet=&#8221;&#8221; header_font_size_phone=&#8221;25px&#8221; header_font_size_last_edited=&#8221;on|desktop&#8221; module_alignment_last_edited=&#8221;off|phone&#8221; global_colors_info=&#8221;{}&#8221;]<\/p>\n<h1>Kultuuriklubi Tempel is an open culture club<\/h1>\n<p>[\/et_pb_text][et_pb_text _builder_version=&#8221;4.27.5&#8243; text_font=&#8221;Poppins|700|||||||&#8221; text_text_color=&#8221;#FFFFFF&#8221; text_font_size=&#8221;15px&#8221; text_line_height=&#8221;1.8em&#8221; header_font=&#8221;Nunito Sans|700|||||||&#8221; header_text_color=&#8221;#297FCA&#8221; header_line_height=&#8221;1.3em&#8221; text_orientation=&#8221;center&#8221; width=&#8221;77%&#8221; width_tablet=&#8221;77%&#8221; width_phone=&#8221;100%&#8221; width_last_edited=&#8221;on|phone&#8221; module_alignment=&#8221;center&#8221; text_font_size_tablet=&#8221;15px&#8221; text_font_size_phone=&#8221;14px&#8221; text_font_size_last_edited=&#8221;on|phone&#8221; global_colors_info=&#8221;{}&#8221;]<\/p>\n<p><strong>Tempel is an open cultural center in P\u00e4rnu that grew from a grassroots level in 2016 and reopened in the historic P\u00e4rnu Rannakino in 2025.  aastal. <\/strong><\/p>\n<p>[\/et_pb_text][\/et_pb_column][\/et_pb_row][et_pb_row _builder_version=&#8221;4.16&#8243; global_colors_info=&#8221;{}&#8221;][et_pb_column type=&#8221;4_4&#8243; _builder_version=&#8221;4.16&#8243; custom_padding=&#8221;|||&#8221; global_colors_info=&#8221;{}&#8221; custom_padding__hover=&#8221;|||&#8221;][et_pb_text _builder_version=&#8221;4.27.5&#8243; _module_preset=&#8221;default&#8221; text_font=&#8221;Poppins||||||||&#8221; text_text_color=&#8221;#FFFFFF&#8221; text_font_size=&#8221;15px&#8221; text_line_height=&#8221;1.8em&#8221; text_orientation=&#8221;center&#8221; global_colors_info=&#8221;{}&#8221;]<\/p>\n<p>Templi programm toob publikuni mitmek\u00fclgse muusika- ja kultuurielamuse<span style=\"font-weight: 400;\"> \u2014 segu elavast muusikast, DJ-\u00f5htutest, etenduskunstidest ja subkultuuridest. Programm haarab laia spektri \u017eanre ning pakub nii tuntud nimede kui ka uuemate artistide esinemisi.<\/span><\/p>\n<p>[\/et_pb_text][et_pb_text _builder_version=&#8221;4.27.6&#8243; text_font=&#8221;Poppins||||||||&#8221; text_text_color=&#8221;#FFFFFF&#8221; text_font_size=&#8221;15px&#8221; text_line_height=&#8221;1.8em&#8221; header_font=&#8221;Nunito Sans|700|||||||&#8221; header_text_color=&#8221;#297FCA&#8221; header_line_height=&#8221;1.3em&#8221; text_orientation=&#8221;center&#8221; global_colors_info=&#8221;{}&#8221;]<\/p>\n<p><span style=\"font-weight: 400;\">The open cultural center offers accessible spaces for creative activities, and folk dance troupes regularly train in the Tempel, as well as choirs, ensembles, and other creative groups rehearse. You are also welcome to bring your own creations to Tempel! <\/span><\/p>\n<p>[\/et_pb_text][et_pb_text _builder_version=&#8221;4.27.6&#8243; _module_preset=&#8221;default&#8221; text_font=&#8221;Poppins||||||||&#8221; text_text_color=&#8221;#FFFFFF&#8221; text_font_size=&#8221;15px&#8221; text_line_height=&#8221;1.8em&#8221; hover_enabled=&#8221;0&#8243; global_colors_info=&#8221;{}&#8221; sticky_enabled=&#8221;0&#8243;]<\/p>\n<p><strong>Charging points and accessibility for people with special needs, including a disabled grandstand.<\/strong><\/p>\n<p>&nbsp;<\/p>\n<ul>\n<li><span style=\"font-weight: 400;\">Renting rooms and organizing events;<\/span><\/li>\n<li>Training, organizing courses, seminars and conferences;<\/li>\n<li><span style=\"font-weight: 400;\">Rental of sound and lighting equipment and inventory;<\/span><\/li>\n<li><span style=\"font-weight: 400;\">Cafe;<\/span><\/li>\n<li><span style=\"font-weight: 400;\">Cultural leisure activities for children, young people, working-age people, families;<\/span><\/li>\n<li><span style=\"font-weight: 400;\">Cultural services \u2013 evening management, preparation and implementation of the concert program;<\/span><\/li>\n<li>Table tennis and board games;<\/li>\n<li>Participation in international cooperation projects;<\/li>\n<li>Exchange shelves \/ donation point \u2013 books, records, clothes, plants;<\/li>\n<li>Information and marketing activities;<\/li>\n<li><span style=\"font-weight: 400;\">Free information board for cultural events;<\/span><\/li>\n<li><span style=\"font-weight: 400;\">WIFI coverage area;<\/span><\/li>\n<li><span style=\"font-weight: 400;\">Toilets;<\/span><\/li>\n<li><span style=\"font-weight: 400;\">Bicycle parking;<\/span><\/li>\n<li><span style=\"font-weight: 400;\">Ensemble room;<\/span><\/li>\n<li><span style=\"font-weight: 400;\">Quiet work area;<\/span><\/li>\n<li><span style=\"font-weight: 400;\">Charging points and accessibility for people with special needs, including a disabled grandstand. <\/span><\/li>\n<\/ul>\n<p>[\/et_pb_text][et_pb_text _builder_version=&#8221;4.27.6&#8243; _module_preset=&#8221;default&#8221; text_font=&#8221;Poppins||||||||&#8221; text_text_color=&#8221;#FFFFFF&#8221; text_font_size=&#8221;15px&#8221; text_line_height=&#8221;1.8em&#8221; text_orientation=&#8221;center&#8221; global_colors_info=&#8221;{}&#8221;]<\/p>\n<p><span style=\"font-weight: 400;\">Ask our administrator for more information about our services: <\/span><a href=\"mailto:admin@klubitempel.ee\"><span style=\"font-weight: 400;\">admin@klubitempel.ee<\/span><\/a><\/p>\n<p>[\/et_pb_text][et_pb_text _builder_version=&#8221;4.27.5&#8243; _module_preset=&#8221;default&#8221; text_font=&#8221;Poppins||||||||&#8221; text_text_color=&#8221;#FFFFFF&#8221; text_font_size=&#8221;15px&#8221; text_line_height=&#8221;1.8em&#8221; text_orientation=&#8221;center&#8221; global_colors_info=&#8221;{}&#8221;]<\/p>\n<p><span style=\"font-weight: 400;\">The center is supported by the P\u00e4rnu City Government.<\/span><\/p>\n<p>[\/et_pb_text][\/et_pb_column][\/et_pb_row][et_pb_row _builder_version=&#8221;4.27.4&#8243; _module_preset=&#8221;default&#8221; width=&#8221;90%&#8221; max_width=&#8221;90%&#8221; global_colors_info=&#8221;{}&#8221;][et_pb_column type=&#8221;4_4&#8243; _builder_version=&#8221;4.27.4&#8243; _module_preset=&#8221;default&#8221; global_colors_info=&#8221;{}&#8221;][et_pb_gallery gallery_ids=&#8221;231115,231116,231117,231118,231119,231120&#8243; show_title_and_caption=&#8221;off&#8221; show_pagination=&#8221;off&#8221; zoom_icon_color=&#8221;RGBA(255,255,255,0)&#8221; hover_overlay_color=&#8221;RGBA(255,255,255,0)&#8221; _builder_version=&#8221;4.27.4&#8243; _module_preset=&#8221;default&#8221; title_text_color=&#8221;RGBA(255,255,255,0)&#8221; pagination_text_color=&#8221;#FFFFFF&#8221; background_layout=&#8221;dark&#8221; custom_margin=&#8221;0px|0px|0px|0px|false|false&#8221; custom_padding=&#8221;0px|0px|0px|0px|false|false&#8221; border_radii=&#8221;on|22px|22px|22px|22px&#8221; global_colors_info=&#8221;{}&#8221;][\/et_pb_gallery][\/et_pb_column][\/et_pb_row][et_pb_row _builder_version=&#8221;4.16&#8243; global_colors_info=&#8221;{}&#8221;][et_pb_column type=&#8221;4_4&#8243; _builder_version=&#8221;4.16&#8243; custom_padding=&#8221;|||&#8221; global_colors_info=&#8221;{}&#8221; custom_padding__hover=&#8221;|||&#8221;][et_pb_text _builder_version=&#8221;4.27.4&#8243; text_font=&#8221;Nunito Sans||||||||&#8221; text_text_color=&#8221;#5499D4&#8243; text_font_size=&#8221;16px&#8221; header_font=&#8221;Poppins|800|||||||&#8221; header_text_align=&#8221;center&#8221; header_text_color=&#8221;#E650BE&#8221; header_line_height=&#8221;1.5em&#8221; max_width=&#8221;700px&#8221; max_width_phone=&#8221;98%&#8221; max_width_last_edited=&#8221;off|desktop&#8221; module_alignment=&#8221;center&#8221; header_font_size_tablet=&#8221;&#8221; header_font_size_phone=&#8221;25px&#8221; header_font_size_last_edited=&#8221;on|desktop&#8221; global_colors_info=&#8221;{}&#8221;]<\/p>\n<h1>On 1. february 2025 began Tempel\u2019s new era with reopening in P\u00e4rnu\u2019s former beach cinema.<\/h1>\n<p>[\/et_pb_text][\/et_pb_column][\/et_pb_row][et_pb_row _builder_version=&#8221;4.16&#8243; global_colors_info=&#8221;{}&#8221;][et_pb_column type=&#8221;4_4&#8243; _builder_version=&#8221;4.16&#8243; custom_padding=&#8221;|||&#8221; global_colors_info=&#8221;{}&#8221; custom_padding__hover=&#8221;|||&#8221;][et_pb_text _builder_version=&#8221;4.27.5&#8243; _module_preset=&#8221;default&#8221; text_font=&#8221;Poppins||||||||&#8221; text_text_color=&#8221;#FFFFFF&#8221; text_font_size=&#8221;15px&#8221; text_line_height=&#8221;1.8em&#8221; text_orientation=&#8221;center&#8221; global_colors_info=&#8221;{}&#8221;]<\/p>\n<p>Tempel was first opened on 15. April 2016 and hosted consistently approximately 150 events in a year. That crazy time in old postoffice\u2019s third floor brought P\u00e4rnu back on the map for touring ensembles. Together with P\u00e4rnu\u2019s amazing audience, Temple was a meeting place for popular and alternative music friends. Along with music program, their way to us found movie friends, painters, poets, performance artists, memory game enthusiasts, etc. Tempel closed its doors due to Covid virus arrival.      <\/p>\n<p>[\/et_pb_text][et_pb_text _builder_version=&#8221;4.27.5&#8243; text_font=&#8221;Poppins||||||||&#8221; text_text_color=&#8221;#FFFFFF&#8221; text_font_size=&#8221;15px&#8221; text_line_height=&#8221;1.8em&#8221; header_font=&#8221;Nunito Sans|700|||||||&#8221; header_text_color=&#8221;#297FCA&#8221; header_line_height=&#8221;1.3em&#8221; text_orientation=&#8221;center&#8221; global_colors_info=&#8221;{}&#8221;]<\/p>\n<p><span style=\"font-weight: 400;\">After a short break, Tempel continues its program in a new stately beach cinema building. In addition to concerts and parties, Tempel is a safe meeting place for locals and visitors. The program now also includes performances, stand-up shows, quizzes, exhibitions, etc. With two halls, Tempel is the largest popular music concert venue between Tallinn and Riga and is also wheelchair accessible.   With two halls, Tempel is the largest popular music concert venue between Tallinn and Riga and is also wheelchair accessible. <\/span><\/p>\n<p>[\/et_pb_text][et_pb_text _builder_version=&#8221;4.27.4&#8243; text_font=&#8221;Poppins||||||||&#8221; text_text_color=&#8221;#FFFFFF&#8221; text_font_size=&#8221;15px&#8221; text_line_height=&#8221;1.8em&#8221; header_font=&#8221;Nunito Sans|700|||||||&#8221; header_text_color=&#8221;#297FCA&#8221; header_line_height=&#8221;1.3em&#8221; text_orientation=&#8221;center&#8221; global_colors_info=&#8221;{}&#8221;]<\/p>\n<p><span style=\"font-weight: 400;\">We are part of the Estonian music industry ecosystem, a member of Music Estonia and the P\u00e4rnu community has contributed a lot to us. Tempel won the P\u00e4rnu Act of the Year in 2017, the P\u00e4rnu Inclusive Budget in 2021 and collected over 15 000 \u20ac in support from Hooandja. Thank you for that!<br \/>  Thanks for that! <\/span><\/p>\n<p>[\/et_pb_text][\/et_pb_column][\/et_pb_row][et_pb_row _builder_version=&#8221;4.27.4&#8243; _module_preset=&#8221;default&#8221; global_colors_info=&#8221;{}&#8221;][et_pb_column type=&#8221;4_4&#8243; _builder_version=&#8221;4.27.4&#8243; _module_preset=&#8221;default&#8221; global_colors_info=&#8221;{}&#8221;][et_pb_gallery gallery_ids=&#8221;231121,231122,231123,231124&#8243; fullwidth=&#8221;on&#8221; _builder_version=&#8221;4.27.4&#8243; _module_preset=&#8221;default&#8221; title_text_color=&#8221;#FFFFFF&#8221; pagination_text_color=&#8221;#FFFFFF&#8221; background_layout=&#8221;dark&#8221; border_radii=&#8221;on|22px|22px|22px|22px&#8221; global_colors_info=&#8221;{}&#8221;][\/et_pb_gallery][et_pb_text _builder_version=&#8221;4.27.4&#8243; text_font=&#8221;Nunito Sans||||||||&#8221; text_text_color=&#8221;#5499D4&#8243; text_font_size=&#8221;16px&#8221; header_font=&#8221;Poppins|800|||||||&#8221; header_text_align=&#8221;center&#8221; header_text_color=&#8221;#64C8C8&#8243; header_line_height=&#8221;1.5em&#8221; max_width=&#8221;700px&#8221; max_width_phone=&#8221;98%&#8221; max_width_last_edited=&#8221;off|desktop&#8221; module_alignment=&#8221;center&#8221; header_font_size_tablet=&#8221;&#8221; header_font_size_phone=&#8221;25px&#8221; header_font_size_last_edited=&#8221;on|desktop&#8221; global_colors_info=&#8221;{}&#8221;]<\/p>\n<h1>Hooandja sponsors<\/h1>\n<p>[\/et_pb_text][et_pb_text _builder_version=&#8221;4.27.4&#8243; text_font=&#8221;Poppins||||||||&#8221; text_text_color=&#8221;#FFFFFF&#8221; text_line_height=&#8221;1.8em&#8221; header_font=&#8221;Nunito Sans|700|||||||&#8221; header_text_color=&#8221;#297FCA&#8221; header_line_height=&#8221;1.3em&#8221; text_orientation=&#8221;center&#8221; text_font_size_tablet=&#8221;&#8221; text_font_size_phone=&#8221;10px&#8221; text_font_size_last_edited=&#8221;on|desktop&#8221; global_colors_info=&#8221;{}&#8221;]<\/p>\n<p>MAASIK MARGUS . JAAN KROON . VIHAST KLEA . K\u00c4ND HANNELE . MAIKE NIIDUVIIR . KULDSAAR LIISI . HEINAR RADIN . LEONORA PALU . ENE T\u00c4HT . MARKO KASK . JANNO KEKKONEN . KUUSK RUTA . MILLER ILONA . PIRET REE . KARL-HENRICH ROOTS . MAREK NURMIK . LAURA TOOMAST . KLARI SOJONEN . INDREK KRAAVI . EDA ALJASTE . ANNEGRET LEITEN . PELISAAR SIIRI . ELE JAANIM\u00c4GI . LISBET RAEDOV . VAHEM\u00c4E HARDO . MARGE LUMISALU . INDREK ELMEND . KADRI EVERT . TIINA KINGSEP . MARKUS LEHEMETS . MARTEN AGAR . SILVER AMBOS . RISTO RANDLA . ROOS TARMO . ROOS JOHANNA . MICK PEDAJA . ANDRA V\u00c4\u00c4RTMAA . KADRI SALU . SIIM SAUK . ELINA KASK . HIRVOJA-TAMM MERIT . KATRI J\u00c4RG . KARLO SALU . JAANUS PIIGERT . RAINER KOIK . FREDERIK K\u00dc\u00dcTS . NELE KAAS . LIINA RAIST . AIGI KONS . LAURA VADAM . KRISTO LAARMANN . LILLESTE PIRET . KARIN MITT . STEN-ERIK ILD . RIIN UNGERSON . HENRIK EHTE . MARI TAMM . MIKK MARKO . EVELIN LAANEMETS . K\u00c4\u00c4RAMEES INGRID . LAURA SINIM\u00c4E . HANNES VAHEM\u00c4E . REINV\u00c4LI EVE . MATVERE RAIMO . IIRIS HINTS . SIIM SIIMER . K\u00c4ND KARIN . REIMO P\u00d5DER . EVELYN BERNARD . ANDRIO LAHESAARE . HENRI ROOSIP\u00d5LD . RAUL RUUBEL . MERILYN KORJUS . AASAL O\u00dc . KAIJA LIISA RYTK\u00d6NEN . HILDUNEN-ALVELA KATRIN . KAIRO KADARIK . KOIT KAUN . SANDRA SMIRNOVA . HANNA VASK . KAIRE PAKKONEN . KADRI K\u00d5RRE . LAURI SAATPALU . MARJU METSAOTS . KADI-INGRID LILLES . KATRIN PALK . MAARJA PABUT . J\u00c4RVEK\u00dcLG GERT . RISTOJA INDREK . TIINA KAPTEN .                                                                                          EINOLA MERLE . JOONAS HOKKONEN . HOLLAND HENRI . VILLU LIIVLA . FEMIKOOLON O\u00dc . KATI TIHKAN . KAIJA VELMET . STAAL HEVE . JAAK K\u00c4ND . RIINA HALLIK . KARIN ALLIK . METSSALU MAILI . LAURA PAMPA . SILVIA K\u00c4SK . TERJE TROCHYNSKYI . ERALA SIIRI . SILVER LAINELA . KARL LOONURM . HELLE T\u00d6LP . MARKO AASMAA . LOUIS LILLEMAA . KATI KRASS . ELVO GRIMM . OVE OOT . HINTS AIVO . ROMET M\u00c4GAR . KATRIN LEVANT . PRIIT PICHEN . INGER KANGUR . UISK EVELYN . GEILI KOODI . KATI M\u00c4GAR . PAAT KADRI . KATRIN KLAAR . SIVAK EGERT . JAAN MARTEN PUKK . VEIKO LILLE . KUNTO MERILIN . ERIK MORNA . PIRET LILLE . UNIVER SIIVI . JOHANNA J\u00dcRIMA . O\u00dc PEREGA T\u00d6\u00d6L . LAURA J\u00d5E . KAISA SAULIN . ERKI PRUUL . KAJU RIVO . TERJE VAINOM\u00c4E . RASMUS RANDLA . ALIINA IVA . MARI-LIIS KIRSS . LANKOTS KEITH . MARIE SOOSAAR-VIRTA . J\u00dcRI ROOSIP\u00d5LD . L\u00d5HMUS LIILIA . TORMI KOTKAS . ELBING HELEN . IVI KORJU . MEELIKE KASESALU . AIKI J\u00c4RVISTE . MALVA T\u00d5NU . MARGUS KITSAPEA . TOOMAS LOIDE . MARKSON ESTER . SVEA VOLMER-GALLAND . KAAREL J\u00d5UDVALD . K\u00c4TLIN P\u00d5DER . ITI TEDER . MARTIN L\u00d5BU . BIRGIT ALLMERE . JEKATERINA EENSALU . ANDRES LAANEMETS . RAINER SIREL . HEDY TAMMELEHT . ERIK ALALOOGA . MAIRE SAKS . K\u00dcTT ANNE . MARIN VILK . SIIRI OAD . ERIKA PETTAI . ALLAN POPP . PIIRISILD KRISTIINA . T\u00dcVI MARILIIS . PREES ANDREE . J\u00c4NES IVO . LEPP JOHANNA . GERLY-MAARJA RONDO . SIIM ROHTV\u00c4LI . FANFAAR O\u00dc . \u00dcLAR PALMISTE .                                                                                          LEINO SYBILLE-DAGMAR . KAAREL LEPING . KARMEN K\u00c4RG-RANDMA . JOHANNA-ANETTE GR\u00dcNBERG . ANET ETTI . MIRJAM MATIISEN . TEETSOV MADLEEN . PEETER TALI . T\u00dcRK KRISTI . ANNA BEZNOSSOVA . HEINVARS INDREK . KAIRI KUKK . PREIS GERTRUD . ANNE TOODU . VIIBUS ANNIKA . TIPP KAISA . ANDRUS KALLASTU . MARLEE MASSO . GRETA PUKK . PIIA KARRO-SELG . KARRO ESTER . VALDNA VEIKO . KRISTJAN KUUSE . KRISTINA SIIMANN . KRISTI KUUSMIK-ORAV . ELERI KURVET . KALBUS MAIE . PALM VIRGO . HELLE T\u00d6LP . M\u00c4NNISTE ANNI . KELLY LEPPIK . T\u00dcVI MARILIIS . LAURA URBEL . RAAP KHEITEL . TOJAK LIINA . MERILIN KIRBITS . TAIVI M\u00d6LDER . MERITE LIIDEMAA-P\u00c4RN . EILI LEPIK . GRETE KUUSIK . KUUT GARRETT . KRISTIINA MARLIIS TASANE . OSKAR SAMUEL REBANE . KRISLIN K\u00c4M\u00c4R\u00c4 . HAMIGO KAHA . VESSMANN ANTS . KERLI PEETSALU . NELLI VADAM . BEL\u00d5I EVELIN . \u017dUKOVIT\u0160 JANA . RENIDA LUMISTE . PILLEKE LAARMANN . RICO TENT . KLIMBERG KIM . ELLISAAR EGLE . MALVE MARJAK . ANTSMAA MAIU . HEILY RIKKER . INGRID TALONPOIKA . KALBUS ERKKI-SIIM . TERJE S\u00d5RMUS . TUULI HELEN KOIKSOON . REINSALU KERSTI . ELIZAVETA JASNOVA . KRISTIINA T\u00c4HTSE-LEPING . MARJU M\u00c4GER . KULLAS K\u00c4RT . P\u00c4RNA TIIA . MAIU SOOME . KATRIN LUHASAAR . RISTIMETS JANNE . TUUDUR-JAAN REKKOR . ANFISSA SAMOILOVA . MONA MENETS . VIRKO V\u00d5SU . JOOSEP SARAPUU . AAP-EERIK LAI . ARMAND KIELAS . OKS JAANUS . TILK TOOMAS . JAAN TAMMSALU . PIRET KOROL . KRISTLIN AMOR . ELIZABETH MARTINSON . AET R\u00c4HN . JANTSON REELI . TRIIN KOR\u00d5TKO . J\u00dcRGEN ILD . ARKKO KURM . RITA PROOS . BIRGIT SEITON-VASKA . AUGUST VESIK . NIIDLA ANNELIIS . ANU M\u00c4LK-TAMMEKIVI . RADIN HEINAR . ANTTI ROSIN . SILVER TAMBUR . RAIDO REMMEL . ENELI HANSON . NIIDLA KAIJA . KAISA PULK . MARINA MAJOROV . MIRJAM EINASTE . SUMBERG LIINA . HELI KASKLA . ANNA L\u00dcTER . HANSEN VIRGE . MITT MARVIN . VAJAKAS MERLI . PARKER EPP . AIN-ERVIN KARLSON . SIIM ROHTV\u00c4LI . WYSOCKA ANNA-MARIA . TALU KIRSTI . IRMA VAHER . KASPAR RABBI . LILLI LUMERA . KARIN VAHAR . DORIS AYDIN . PILVI MASSO . V\u00c4LJAM\u00c4E ARDO . KRISTI TIMMA . MAARJA KALBUS . HANNES ALTTOA . AHTI REINSALU . KIRSIKA OLEV . LEE SAARSEN . ESTER MARGUS . LAURA ROHTLAAN . LEMETSAAR REIJO . INDREK J\u00dcRS . RAINER ROHTLA . HENRI M\u00c4LL . HANSEN PEETER . KUKK OLAVI . KUKK OLAVI . T\u00d5NISM\u00c4E-BOGDANOV ANETT . MARGUS LINNAKIVI . EVELIN SEPPOR . SILDOJA MARTIN . EAMETS KRISTO . TORIM TAAVI . PILLE UDIKAS . REINSON RAUL . RAIN M\u00c4EV\u00c4LI . RAIN M\u00c4EV\u00c4LI . K\u00dcLLI PILV . KAIE TOBRELUTS . ANDREI KOROBEINIK . KADRI RIITSAAR . KEITH PARKER . KEITH PARKER . PARTS URMAS . AIRE KOOP . ERGO TEEKIVI . HELI T\u00c4HT . SIRLE SAARE .                                                                                                                                                            <\/p>\n<p>[\/et_pb_text][\/et_pb_column][\/et_pb_row][\/et_pb_section]<\/p>\n","protected":false},"excerpt":{"rendered":"<p>Open Culture ClubKultuuriklubi Tempel is an open culture clubTempel is an open cultural center in P\u00e4rnu that grew from a grassroots level in 2016 and reopened in the historic P\u00e4rnu [&hellip;]<\/p>\n","protected":false},"author":1,"featured_media":231105,"parent":0,"menu_order":0,"comment_status":"closed","ping_status":"closed","template":"","meta":{"_et_pb_use_builder":"on","_et_pb_old_content":"","_et_gb_content_width":"","footnotes":""},"class_list":["post-231114","page","type-page","status-publish","has-post-thumbnail","hentry"],"_links":{"self":[{"href":"https:\/\/klubitempel.ee\/en\/wp-json\/wp\/v2\/pages\/231114","targetHints":{"allow":["GET"]}}],"collection":[{"href":"https:\/\/klubitempel.ee\/en\/wp-json\/wp\/v2\/pages"}],"about":[{"href":"https:\/\/klubitempel.ee\/en\/wp-json\/wp\/v2\/types\/page"}],"author":[{"embeddable":true,"href":"https:\/\/klubitempel.ee\/en\/wp-json\/wp\/v2\/users\/1"}],"replies":[{"embeddable":true,"href":"https:\/\/klubitempel.ee\/en\/wp-json\/wp\/v2\/comments?post=231114"}],"version-history":[{"count":6,"href":"https:\/\/klubitempel.ee\/en\/wp-json\/wp\/v2\/pages\/231114\/revisions"}],"predecessor-version":[{"id":231131,"href":"https:\/\/klubitempel.ee\/en\/wp-json\/wp\/v2\/pages\/231114\/revisions\/231131"}],"wp:featuredmedia":[{"embeddable":true,"href":"https:\/\/klubitempel.ee\/en\/wp-json\/wp\/v2\/media\/231105"}],"wp:attachment":[{"href":"https:\/\/klubitempel.ee\/en\/wp-json\/wp\/v2\/media?parent=231114"}],"curies":[{"name":"wp","href":"https:\/\/api.w.org\/{rel}","templated":true}]}}